{"id":215,"date":"2021-06-16T09:21:57","date_gmt":"2021-06-16T07:21:57","guid":{"rendered":"https:\/\/mella.w.com.hr\/?page_id=215"},"modified":"2022-12-06T13:43:38","modified_gmt":"2022-12-06T12:43:38","slug":"peter-hess-zvucna-masaza","status":"publish","type":"page","link":"https:\/\/www.mella.hr\/en\/peter-hess-sound-massage\/","title":{"rendered":"PETER HESS\u00ae SOUND MASSAGE"},"content":{"rendered":"<div data-elementor-type=\"wp-page\" data-elementor-id=\"215\" class=\"elementor elementor-215\">\n\t\t\t\t\t\t<section data-exad-particle-enable=\"false\" class=\"elementor-section elementor-top-section elementor-element elementor-element-172c99a3 elementor-section-full_width elementor-section-stretched elementor-section-height-default elementor-section-height-default exad-parallax-effect-no exad-background-color-change-no exad-glass-effect-no exad-sticky-section-no\" data-id=\"172c99a3\" data-element_type=\"section\" data-settings=\"{&quot;stretch_section&quot;:&quot;section-stretched&quot;,&quot;background_background&quot;:&quot;classic&quot;}\">\n\t\t\t\t\t\t<div class=\"elementor-container elementor-column-gap-wider\">\n\t\t\t\t\t<div class=\"elementor-column elementor-col-100 elementor-top-column elementor-element elementor-element-37a0e47f exad-glass-effect-no exad-sticky-section-no\" data-id=\"37a0e47f\" data-element_type=\"column\">\n\t\t\t<div class=\"elementor-widget-wrap elementor-element-populated\">\n\t\t\t\t\t\t<div class=\"elementor-element elementor-element-3b7c628 exad-sticky-section-no exad-glass-effect-no elementor-widget elementor-widget-spacer\" data-id=\"3b7c628\" data-element_type=\"widget\" data-widget_type=\"spacer.default\">\n\t\t\t\t<div class=\"elementor-widget-container\">\n\t\t\t\t\t\t\t<div class=\"elementor-spacer\">\n\t\t\t<div class=\"elementor-spacer-inner\"><\/div>\n\t\t<\/div>\n\t\t\t\t\t\t<\/div>\n\t\t\t\t<\/div>\n\t\t\t\t<div class=\"elementor-element elementor-element-47e293eb exad-sticky-section-no exad-glass-effect-no elementor-widget elementor-widget-text-editor\" data-id=\"47e293eb\" data-element_type=\"widget\" data-widget_type=\"text-editor.default\">\n\t\t\t\t<div class=\"elementor-widget-container\">\n\t\t\t\t\t\t\t\t\t<h1><span style=\"color: #ffffff;\">PETER HESS\u00ae SOUND MASSAGE<\/span><\/h1>\t\t\t\t\t\t\t\t<\/div>\n\t\t\t\t<\/div>\n\t\t\t\t<div class=\"elementor-element elementor-element-3731c48d exad-sticky-section-no exad-glass-effect-no elementor-widget elementor-widget-spacer\" data-id=\"3731c48d\" data-element_type=\"widget\" data-widget_type=\"spacer.default\">\n\t\t\t\t<div class=\"elementor-widget-container\">\n\t\t\t\t\t\t\t<div class=\"elementor-spacer\">\n\t\t\t<div class=\"elementor-spacer-inner\"><\/div>\n\t\t<\/div>\n\t\t\t\t\t\t<\/div>\n\t\t\t\t<\/div>\n\t\t\t\t\t<\/div>\n\t\t<\/div>\n\t\t\t\t\t<\/div>\n\t\t<\/section>\n\t\t\t\t<section data-exad-particle-enable=\"false\" class=\"elementor-section elementor-top-section elementor-element elementor-element-47b16035 elementor-section-full_width elementor-section-stretched elementor-section-height-default elementor-section-height-default exad-parallax-effect-no exad-background-color-change-no exad-glass-effect-no exad-sticky-section-no\" data-id=\"47b16035\" data-element_type=\"section\" data-settings=\"{&quot;background_background&quot;:&quot;classic&quot;,&quot;stretch_section&quot;:&quot;section-stretched&quot;}\">\n\t\t\t\t\t\t<div class=\"elementor-container elementor-column-gap-default\">\n\t\t\t\t\t<div class=\"elementor-column elementor-col-100 elementor-top-column elementor-element elementor-element-5b689833 exad-glass-effect-no exad-sticky-section-no\" data-id=\"5b689833\" data-element_type=\"column\">\n\t\t\t<div class=\"elementor-widget-wrap elementor-element-populated\">\n\t\t\t\t\t\t<section data-exad-particle-enable=\"false\" class=\"elementor-section elementor-inner-section elementor-element elementor-element-58b8acb2 elementor-section-boxed elementor-section-height-default elementor-section-height-default exad-parallax-effect-no exad-background-color-change-no exad-glass-effect-no exad-sticky-section-no\" data-id=\"58b8acb2\" data-element_type=\"section\">\n\t\t\t\t\t\t<div class=\"elementor-container elementor-column-gap-default\">\n\t\t\t\t\t<div class=\"elementor-column elementor-col-50 elementor-inner-column elementor-element elementor-element-1fc9cb4a exad-glass-effect-no exad-sticky-section-no\" data-id=\"1fc9cb4a\" data-element_type=\"column\">\n\t\t\t<div class=\"elementor-widget-wrap elementor-element-populated\">\n\t\t\t\t\t\t<div class=\"elementor-element elementor-element-46fa82b7 exad-sticky-section-no exad-glass-effect-no elementor-widget elementor-widget-heading\" data-id=\"46fa82b7\" data-element_type=\"widget\" data-widget_type=\"heading.default\">\n\t\t\t\t<div class=\"elementor-widget-container\">\n\t\t\t\t\t<h4 class=\"elementor-heading-title elementor-size-default\">The goal of Peter Hess\u00ae sound methods is always well-being and strengthening health.\n\nFor people with impaired health of physical, mental and psychological origin, sound massage can bring relief from pain and problems caused by daily stress, worries and anxiety.\n\n<\/h4>\t\t\t\t<\/div>\n\t\t\t\t<\/div>\n\t\t\t\t\t<\/div>\n\t\t<\/div>\n\t\t\t\t<div class=\"elementor-column elementor-col-50 elementor-inner-column elementor-element elementor-element-68dac1 exad-glass-effect-no exad-sticky-section-no\" data-id=\"68dac1\" data-element_type=\"column\">\n\t\t\t<div class=\"elementor-widget-wrap elementor-element-populated\">\n\t\t\t\t\t\t<div class=\"elementor-element elementor-element-46b47c54 exad-sticky-section-no exad-glass-effect-no elementor-widget elementor-widget-text-editor\" data-id=\"46b47c54\" data-element_type=\"widget\" data-widget_type=\"text-editor.default\">\n\t\t\t\t<div class=\"elementor-widget-container\">\n\t\t\t\t\t\t\t\t\t<p style=\"text-align: justify;\">Peter Hess\u00ae sound massage enables deep relaxation, as it gently massages with sound and harmonizes every single body cell, relieves tension and blockages in the body, facilitates relaxation, release from negative patterns, strengthens basic human confidence, contributes to health promotion by harmonization, regeneration and revitalization, supports and improves body awareness, provides access to and use of own resources, has a positive effect on strengthening self-confidence, creativity and motivation, ideal treatment for athletes, accelerates recovery from injuries and is an excellent supplement to physical therapy, positively affects concentration, alleviates chemotherapy side effects and accelerates recovery, relieves chronic pain, increases blood and lymph flow, eliminates toxins, regulates blood pressure, strengthens the immune system, restores joy in life.<\/p><p>Peter Hess sound methods are ideal for motor\/sensory stimulation and psycho-functional treatment in patients with neurological symptoms\/diagnoses on physical, psychological and cognitive levels. Neurological diseases often affect various aspects of a person, they are considered holistically and at all levels. The goal is to strengthen healthy aspects, start the flow of energy, so that it supports the mechanisms of self-regulation (homeostasis) and self-healing in accordance with the principle of salutogenesis (developing health) and conveying inner peace\/harmony.<\/p>\t\t\t\t\t\t\t\t<\/div>\n\t\t\t\t<\/div>\n\t\t\t\t\t<\/div>\n\t\t<\/div>\n\t\t\t\t\t<\/div>\n\t\t<\/section>\n\t\t\t\t<section data-exad-particle-enable=\"false\" class=\"elementor-section elementor-inner-section elementor-element elementor-element-24a457e0 elementor-section-boxed elementor-section-height-default elementor-section-height-default exad-parallax-effect-no exad-background-color-change-no exad-glass-effect-no exad-sticky-section-no\" data-id=\"24a457e0\" data-element_type=\"section\">\n\t\t\t\t\t\t<div class=\"elementor-container elementor-column-gap-default\">\n\t\t\t\t\t<div class=\"elementor-column elementor-col-33 elementor-inner-column elementor-element elementor-element-41943958 exad-glass-effect-no exad-sticky-section-no\" data-id=\"41943958\" data-element_type=\"column\">\n\t\t\t<div class=\"elementor-widget-wrap elementor-element-populated\">\n\t\t\t\t\t\t<div class=\"elementor-element elementor-element-748d55f exad-sticky-section-no exad-glass-effect-no elementor-widget elementor-widget-image-box\" data-id=\"748d55f\" data-element_type=\"widget\" data-widget_type=\"image-box.default\">\n\t\t\t\t<div class=\"elementor-widget-container\">\n\t\t\t\t\t<div class=\"elementor-image-box-wrapper\"><div class=\"elementor-image-box-content\"><p class=\"elementor-image-box-description\">It is excellent as preparation for childbirth, it can be used in kindergartens and schools, as preparation for people to retire, in homes for the elderly, in work with people with special needs, in speech therapy, in palliative care of patients ...\nToday, Peter Hess\u00ae sound massage is used successfully in many professions in the fields of education, counseling, therapy and healthcare. Extensive training, the possibility of continuing education and training offered by the Petar Hess\u00ae Institute in Germany expresses numerous possibilities for the professional application of sound massage and sound bowls and enables the development of professional competence for the application of sound at a high level.\n<\/p><\/div><\/div>\t\t\t\t<\/div>\n\t\t\t\t<\/div>\n\t\t\t\t\t<\/div>\n\t\t<\/div>\n\t\t\t\t<div class=\"elementor-column elementor-col-33 elementor-inner-column elementor-element elementor-element-4dd7994d exad-glass-effect-no exad-sticky-section-no\" data-id=\"4dd7994d\" data-element_type=\"column\">\n\t\t\t<div class=\"elementor-widget-wrap elementor-element-populated\">\n\t\t\t\t\t\t<div class=\"elementor-element elementor-element-61128e36 exad-sticky-section-no exad-glass-effect-no elementor-widget elementor-widget-image-box\" data-id=\"61128e36\" data-element_type=\"widget\" data-widget_type=\"image-box.default\">\n\t\t\t\t<div class=\"elementor-widget-container\">\n\t\t\t\t\t<div class=\"elementor-image-box-wrapper\"><div class=\"elementor-image-box-content\"><p class=\"elementor-image-box-description\">In this wide field of application, sound massage has proven to be a great way to deeply relax the client in a very short time. A state of deep relaxation is the basis for all therapeutic procedures. We offer a basic sound massage, which is a defined order of laying sound bowls on a dressed body and sounding with a stick in a certain sequence and combinations, we apply three sound bowls named after the parts of the body for which their frequency spectrum is particularly suitable, ie. there is a resonance in such an application, and an individual sound massage, it responds and adapts to the individual needs of the client. In this type of massage, it is possible to apply several different sound bowls, and sometimes gongs and cymbals.\n<\/p><\/div><\/div>\t\t\t\t<\/div>\n\t\t\t\t<\/div>\n\t\t\t\t\t<\/div>\n\t\t<\/div>\n\t\t\t\t<div class=\"elementor-column elementor-col-33 elementor-inner-column elementor-element elementor-element-146ffbc2 exad-glass-effect-no exad-sticky-section-no\" data-id=\"146ffbc2\" data-element_type=\"column\">\n\t\t\t<div class=\"elementor-widget-wrap elementor-element-populated\">\n\t\t\t\t\t\t<div class=\"elementor-element elementor-element-1ac76235 exad-sticky-section-no exad-glass-effect-no elementor-widget elementor-widget-image-box\" data-id=\"1ac76235\" data-element_type=\"widget\" data-widget_type=\"image-box.default\">\n\t\t\t\t<div class=\"elementor-widget-container\">\n\t\t\t\t\t<div class=\"elementor-image-box-wrapper\"><div class=\"elementor-image-box-content\"><p class=\"elementor-image-box-description\">Sound massage is an excellent support for treatment, for example in cases such as damaged discs, painful joints, pain, indigestion, heart problems, poor circulation, as well as support in many other health problems because it relaxes and relieves pain.<br><br>Every person's experience and experience of sound and vibration is unique, and accordingly, every sound massage is unique.<br>\nPeter Hess zvu\u010dna masa\u017ea je skup znanja, tehnika zvu\u010dne masa\u017ee, intuicije prakti\u010dara zvu\u010dne masa\u017ee, kreativnosti, terapeutskih instrumenata te na\u010dela pozornosti, po\u0161tovanja, cjelovitog pristupa klijentu, na\u010dela-manje je vi\u0161e, orijentacije na vlastite resurse te dijalo\u0161ke interakcije.\n<\/p><\/div><\/div>\t\t\t\t<\/div>\n\t\t\t\t<\/div>\n\t\t\t\t\t<\/div>\n\t\t<\/div>\n\t\t\t\t\t<\/div>\n\t\t<\/section>\n\t\t\t\t\t<\/div>\n\t\t<\/div>\n\t\t\t\t\t<\/div>\n\t\t<\/section>\n\t\t\t\t<section data-exad-particle-enable=\"false\" class=\"elementor-section elementor-top-section elementor-element elementor-element-40b9b9c elementor-section-full_width elementor-section-stretched elementor-section-height-default elementor-section-height-default exad-parallax-effect-no exad-background-color-change-no exad-glass-effect-no exad-sticky-section-no\" data-id=\"40b9b9c\" data-element_type=\"section\" data-settings=\"{&quot;stretch_section&quot;:&quot;section-stretched&quot;}\">\n\t\t\t\t\t\t<div class=\"elementor-container elementor-column-gap-default\">\n\t\t\t\t\t<div class=\"elementor-column elementor-col-100 elementor-top-column elementor-element elementor-element-31b6747 exad-glass-effect-no exad-sticky-section-no\" data-id=\"31b6747\" data-element_type=\"column\">\n\t\t\t<div class=\"elementor-widget-wrap elementor-element-populated\">\n\t\t\t\t\t\t<div class=\"elementor-element elementor-element-1e10b10 elementor-cta--skin-classic elementor-animated-content elementor-bg-transform elementor-bg-transform-zoom-in exad-sticky-section-no exad-glass-effect-no elementor-widget elementor-widget-call-to-action\" data-id=\"1e10b10\" data-element_type=\"widget\" data-widget_type=\"call-to-action.default\">\n\t\t\t\t<div class=\"elementor-widget-container\">\n\t\t\t\t\t\t\t<div class=\"elementor-cta\">\n\t\t\t\t\t\t\t<div class=\"elementor-cta__content\">\n\t\t\t\t\n\t\t\t\t<h2 class=\"elementor-cta__title elementor-cta__content-item elementor-content-item\">Contact<\/h2>\n\t\t\t\t\t\t\t\t\t<div class=\"elementor-cta__description elementor-cta__content-item elementor-content-item\">\n\t\t\t\t\t\tFor more information and to book an appointment for the first free informative call, <br>\ncontact me using the contact form or by phone.\t\t\t\t\t<\/div>\n\t\t\t\t\n\t\t\t\t\t\t\t\t\t<div class=\"elementor-cta__button-wrapper elementor-cta__content-item elementor-content-item\">\n\t\t\t\t\t<a class=\"elementor-cta__button elementor-button elementor-size-sm\" href=\"\/en\/mella-hr-kontakt\/#obrazac\">\n\t\t\t\t\t\tSend inquiry\t\t\t\t\t<\/a>\n\t\t\t\t\t<\/div>\n\t\t\t\t\t\t\t<\/div>\n\t\t\t\t\t\t<\/div>\n\t\t\t\t\t\t<\/div>\n\t\t\t\t<\/div>\n\t\t\t\t<div class=\"elementor-element elementor-element-99b375f exad-sticky-section-no exad-glass-effect-no elementor-widget elementor-widget-text-editor\" data-id=\"99b375f\" data-element_type=\"widget\" data-widget_type=\"text-editor.default\">\n\t\t\t\t<div class=\"elementor-widget-container\">\n\t\t\t\t\t\t\t\t\t<p style=\"text-align: center;\"><span style=\"color: #808080;\"><strong>Note:<\/strong><\/span><\/p><p style=\"text-align: center;\">Peter Hess sound massage services can also be provided in your space<\/p><p style=\"text-align: center;\">if your arrival at the studio is difficult due to illness or other difficulties.<\/p>\t\t\t\t\t\t\t\t<\/div>\n\t\t\t\t<\/div>\n\t\t\t\t\t<\/div>\n\t\t<\/div>\n\t\t\t\t\t<\/div>\n\t\t<\/section>\n\t\t\t\t<section data-exad-particle-enable=\"false\" class=\"elementor-section elementor-top-section elementor-element elementor-element-5e2e7862 elementor-section-stretched elementor-section-boxed elementor-section-height-default elementor-section-height-default exad-parallax-effect-no exad-background-color-change-no exad-glass-effect-no exad-sticky-section-no\" data-id=\"5e2e7862\" data-element_type=\"section\" data-settings=\"{&quot;stretch_section&quot;:&quot;section-stretched&quot;,&quot;background_background&quot;:&quot;classic&quot;}\">\n\t\t\t\t\t\t<div class=\"elementor-container elementor-column-gap-wider\">\n\t\t\t\t\t<div class=\"elementor-column elementor-col-100 elementor-top-column elementor-element elementor-element-1c7822b4 exad-glass-effect-no exad-sticky-section-no\" data-id=\"1c7822b4\" data-element_type=\"column\">\n\t\t\t<div class=\"elementor-widget-wrap elementor-element-populated\">\n\t\t\t\t\t\t<div class=\"elementor-element elementor-element-294ca1a9 exad-sticky-section-no exad-glass-effect-no elementor-widget elementor-widget-text-editor\" data-id=\"294ca1a9\" data-element_type=\"widget\" data-widget_type=\"text-editor.default\">\n\t\t\t\t<div class=\"elementor-widget-container\">\n\t\t\t\t\t\t\t\t\t<h2><span style=\"color: #fbe4d7;\">\u201cThe sound of a sound bowl touches our deepest being, our soul vibrates. Sound dissolves tensions, activates self-healing forces and releases creative energy. \u201d<br \/><\/span><\/h2><h3 class=\"entry-title\"><span style=\"color: #ffffff;\">Peter Hess<\/span><\/h3>\t\t\t\t\t\t\t\t<\/div>\n\t\t\t\t<\/div>\n\t\t\t\t\t<\/div>\n\t\t<\/div>\n\t\t\t\t\t<\/div>\n\t\t<\/section>\n\t\t\t\t<\/div>","protected":false},"excerpt":{"rendered":"<p>PETER HESS\u00ae ZVU\u010cNA MASA\u017dA Cilj Peter Hess\u00ae zvu\u010dnih metoda je uvijek dobrobit i ja\u010danje zdravlja. Osobama naru\u0161enog zdravlja fizi\u010dkog, mentalnog i psihi\u010dkog porijekla, zvu\u010dna masa\u017ea mo\u017ee<span class=\"excerpt-hellip\"> [\u2026]<\/span><\/p>","protected":false},"author":1,"featured_media":0,"parent":0,"menu_order":0,"comment_status":"closed","ping_status":"closed","template":"","meta":{"footnotes":""},"class_list":["post-215","page","type-page","status-publish","hentry"],"yoast_head":"<!-- This site is optimized with the Yoast SEO plugin v26.8 - https:\/\/yoast.com\/product\/yoast-seo-wordpress\/ -->\n<title>PETER HESS\u00ae ZVU\u010cNA MASA\u017dA - Mella.hr<\/title>\n<meta name=\"description\" content=\"Cilj Peter Hess\u00ae zvu\u010dnih metoda je uvijek dobrobit i ja\u010danje zdravlja. Osobama naru\u0161enog zdravlja fizi\u010dkog, mentalnog i psihi\u010dkog porijekla, zvu\u010dna masa\u017ea mo\u017ee donijeti olak\u0161anje od bolova i problema koje uzrokuju svakodnevni stres, brige i tjeskoba.\" \/>\n<meta name=\"robots\" content=\"index, follow, max-snippet:-1, max-image-preview:large, max-video-preview:-1\" \/>\n<link rel=\"canonical\" href=\"https:\/\/www.mella.hr\/en\/peter-hess-zvucna-masaza\/\" \/>\n<meta property=\"og:locale\" content=\"en_US\" \/>\n<meta property=\"og:type\" content=\"article\" \/>\n<meta property=\"og:title\" content=\"PETER HESS\u00ae ZVU\u010cNA MASA\u017dA - Mella.hr\" \/>\n<meta property=\"og:description\" content=\"Cilj Peter Hess\u00ae zvu\u010dnih metoda je uvijek dobrobit i ja\u010danje zdravlja. Osobama naru\u0161enog zdravlja fizi\u010dkog, mentalnog i psihi\u010dkog porijekla, zvu\u010dna masa\u017ea mo\u017ee donijeti olak\u0161anje od bolova i problema koje uzrokuju svakodnevni stres, brige i tjeskoba.\" \/>\n<meta property=\"og:url\" content=\"https:\/\/www.mella.hr\/en\/peter-hess-zvucna-masaza\/\" \/>\n<meta property=\"og:site_name\" content=\"Mella.hr\" \/>\n<meta property=\"article:publisher\" content=\"https:\/\/www.facebook.com\/Mellayogaandsoundtherapystudio\/\" \/>\n<meta property=\"article:modified_time\" content=\"2022-12-06T12:43:38+00:00\" \/>\n<meta name=\"twitter:card\" content=\"summary_large_image\" \/>\n<meta name=\"twitter:label1\" content=\"Est. reading time\" \/>\n\t<meta name=\"twitter:data1\" content=\"4 minutes\" \/>\n<script type=\"application\/ld+json\" class=\"yoast-schema-graph\">{\"@context\":\"https:\/\/schema.org\",\"@graph\":[{\"@type\":\"WebPage\",\"@id\":\"https:\/\/www.mella.hr\/peter-hess-zvucna-masaza\/\",\"url\":\"https:\/\/www.mella.hr\/peter-hess-zvucna-masaza\/\",\"name\":\"PETER HESS\u00ae ZVU\u010cNA MASA\u017dA - Mella.hr\",\"isPartOf\":{\"@id\":\"https:\/\/www.mella.hr\/#website\"},\"datePublished\":\"2021-06-16T07:21:57+00:00\",\"dateModified\":\"2022-12-06T12:43:38+00:00\",\"description\":\"Cilj Peter Hess\u00ae zvu\u010dnih metoda je uvijek dobrobit i ja\u010danje zdravlja. Osobama naru\u0161enog zdravlja fizi\u010dkog, mentalnog i psihi\u010dkog porijekla, zvu\u010dna masa\u017ea mo\u017ee donijeti olak\u0161anje od bolova i problema koje uzrokuju svakodnevni stres, brige i tjeskoba.\",\"breadcrumb\":{\"@id\":\"https:\/\/www.mella.hr\/peter-hess-zvucna-masaza\/#breadcrumb\"},\"inLanguage\":\"en-US\",\"potentialAction\":[{\"@type\":\"ReadAction\",\"target\":[\"https:\/\/www.mella.hr\/peter-hess-zvucna-masaza\/\"]}]},{\"@type\":\"BreadcrumbList\",\"@id\":\"https:\/\/www.mella.hr\/peter-hess-zvucna-masaza\/#breadcrumb\",\"itemListElement\":[{\"@type\":\"ListItem\",\"position\":1,\"name\":\"Po\u010detna stranica\",\"item\":\"https:\/\/www.mella.hr\/\"},{\"@type\":\"ListItem\",\"position\":2,\"name\":\"PETER HESS\u00ae ZVU\u010cNA MASA\u017dA\"}]},{\"@type\":\"WebSite\",\"@id\":\"https:\/\/www.mella.hr\/#website\",\"url\":\"https:\/\/www.mella.hr\/\",\"name\":\"Mella.hr\",\"description\":\"Yoga &amp; Sound Therapy Studio\",\"publisher\":{\"@id\":\"https:\/\/www.mella.hr\/#organization\"},\"potentialAction\":[{\"@type\":\"SearchAction\",\"target\":{\"@type\":\"EntryPoint\",\"urlTemplate\":\"https:\/\/www.mella.hr\/?s={search_term_string}\"},\"query-input\":{\"@type\":\"PropertyValueSpecification\",\"valueRequired\":true,\"valueName\":\"search_term_string\"}}],\"inLanguage\":\"en-US\"},{\"@type\":\"Organization\",\"@id\":\"https:\/\/www.mella.hr\/#organization\",\"name\":\"Mella.hr\",\"url\":\"https:\/\/www.mella.hr\/\",\"logo\":{\"@type\":\"ImageObject\",\"inLanguage\":\"en-US\",\"@id\":\"https:\/\/www.mella.hr\/#\/schema\/logo\/image\/\",\"url\":\"https:\/\/www.mella.hr\/wp-content\/uploads\/2021\/06\/logo-2.png\",\"contentUrl\":\"https:\/\/www.mella.hr\/wp-content\/uploads\/2021\/06\/logo-2.png\",\"width\":200,\"height\":200,\"caption\":\"Mella.hr\"},\"image\":{\"@id\":\"https:\/\/www.mella.hr\/#\/schema\/logo\/image\/\"},\"sameAs\":[\"https:\/\/www.facebook.com\/Mellayogaandsoundtherapystudio\/\",\"https:\/\/www.instagram.com\/mella.yogaandsoundtherapy\/\"]}]}<\/script>\n<!-- \/ Yoast SEO plugin. -->","yoast_head_json":{"title":"PETER HESS\u00ae ZVU\u010cNA MASA\u017dA - Mella.hr","description":"Cilj Peter Hess\u00ae zvu\u010dnih metoda je uvijek dobrobit i ja\u010danje zdravlja. Osobama naru\u0161enog zdravlja fizi\u010dkog, mentalnog i psihi\u010dkog porijekla, zvu\u010dna masa\u017ea mo\u017ee donijeti olak\u0161anje od bolova i problema koje uzrokuju svakodnevni stres, brige i tjeskoba.","robots":{"index":"index","follow":"follow","max-snippet":"max-snippet:-1","max-image-preview":"max-image-preview:large","max-video-preview":"max-video-preview:-1"},"canonical":"https:\/\/www.mella.hr\/en\/peter-hess-zvucna-masaza\/","og_locale":"en_US","og_type":"article","og_title":"PETER HESS\u00ae ZVU\u010cNA MASA\u017dA - Mella.hr","og_description":"Cilj Peter Hess\u00ae zvu\u010dnih metoda je uvijek dobrobit i ja\u010danje zdravlja. Osobama naru\u0161enog zdravlja fizi\u010dkog, mentalnog i psihi\u010dkog porijekla, zvu\u010dna masa\u017ea mo\u017ee donijeti olak\u0161anje od bolova i problema koje uzrokuju svakodnevni stres, brige i tjeskoba.","og_url":"https:\/\/www.mella.hr\/en\/peter-hess-zvucna-masaza\/","og_site_name":"Mella.hr","article_publisher":"https:\/\/www.facebook.com\/Mellayogaandsoundtherapystudio\/","article_modified_time":"2022-12-06T12:43:38+00:00","twitter_card":"summary_large_image","twitter_misc":{"Est. reading time":"4 minutes"},"schema":{"@context":"https:\/\/schema.org","@graph":[{"@type":"WebPage","@id":"https:\/\/www.mella.hr\/peter-hess-zvucna-masaza\/","url":"https:\/\/www.mella.hr\/peter-hess-zvucna-masaza\/","name":"PETER HESS\u00ae ZVU\u010cNA MASA\u017dA - Mella.hr","isPartOf":{"@id":"https:\/\/www.mella.hr\/#website"},"datePublished":"2021-06-16T07:21:57+00:00","dateModified":"2022-12-06T12:43:38+00:00","description":"Cilj Peter Hess\u00ae zvu\u010dnih metoda je uvijek dobrobit i ja\u010danje zdravlja. Osobama naru\u0161enog zdravlja fizi\u010dkog, mentalnog i psihi\u010dkog porijekla, zvu\u010dna masa\u017ea mo\u017ee donijeti olak\u0161anje od bolova i problema koje uzrokuju svakodnevni stres, brige i tjeskoba.","breadcrumb":{"@id":"https:\/\/www.mella.hr\/peter-hess-zvucna-masaza\/#breadcrumb"},"inLanguage":"en-US","potentialAction":[{"@type":"ReadAction","target":["https:\/\/www.mella.hr\/peter-hess-zvucna-masaza\/"]}]},{"@type":"BreadcrumbList","@id":"https:\/\/www.mella.hr\/peter-hess-zvucna-masaza\/#breadcrumb","itemListElement":[{"@type":"ListItem","position":1,"name":"Po\u010detna stranica","item":"https:\/\/www.mella.hr\/"},{"@type":"ListItem","position":2,"name":"PETER HESS\u00ae ZVU\u010cNA MASA\u017dA"}]},{"@type":"WebSite","@id":"https:\/\/www.mella.hr\/#website","url":"https:\/\/www.mella.hr\/","name":"Mella.hr","description":"Yoga &amp; Sound Therapy Studio","publisher":{"@id":"https:\/\/www.mella.hr\/#organization"},"potentialAction":[{"@type":"SearchAction","target":{"@type":"EntryPoint","urlTemplate":"https:\/\/www.mella.hr\/?s={search_term_string}"},"query-input":{"@type":"PropertyValueSpecification","valueRequired":true,"valueName":"search_term_string"}}],"inLanguage":"en-US"},{"@type":"Organization","@id":"https:\/\/www.mella.hr\/#organization","name":"Mella.hr","url":"https:\/\/www.mella.hr\/","logo":{"@type":"ImageObject","inLanguage":"en-US","@id":"https:\/\/www.mella.hr\/#\/schema\/logo\/image\/","url":"https:\/\/www.mella.hr\/wp-content\/uploads\/2021\/06\/logo-2.png","contentUrl":"https:\/\/www.mella.hr\/wp-content\/uploads\/2021\/06\/logo-2.png","width":200,"height":200,"caption":"Mella.hr"},"image":{"@id":"https:\/\/www.mella.hr\/#\/schema\/logo\/image\/"},"sameAs":["https:\/\/www.facebook.com\/Mellayogaandsoundtherapystudio\/","https:\/\/www.instagram.com\/mella.yogaandsoundtherapy\/"]}]}},"_links":{"self":[{"href":"https:\/\/www.mella.hr\/en\/wp-json\/wp\/v2\/pages\/215","targetHints":{"allow":["GET"]}}],"collection":[{"href":"https:\/\/www.mella.hr\/en\/wp-json\/wp\/v2\/pages"}],"about":[{"href":"https:\/\/www.mella.hr\/en\/wp-json\/wp\/v2\/types\/page"}],"author":[{"embeddable":true,"href":"https:\/\/www.mella.hr\/en\/wp-json\/wp\/v2\/users\/1"}],"replies":[{"embeddable":true,"href":"https:\/\/www.mella.hr\/en\/wp-json\/wp\/v2\/comments?post=215"}],"version-history":[{"count":63,"href":"https:\/\/www.mella.hr\/en\/wp-json\/wp\/v2\/pages\/215\/revisions"}],"predecessor-version":[{"id":1926,"href":"https:\/\/www.mella.hr\/en\/wp-json\/wp\/v2\/pages\/215\/revisions\/1926"}],"wp:attachment":[{"href":"https:\/\/www.mella.hr\/en\/wp-json\/wp\/v2\/media?parent=215"}],"curies":[{"name":"wp","href":"https:\/\/api.w.org\/{rel}","templated":true}]}}