{"id":14,"date":"2020-10-21T13:29:31","date_gmt":"2020-10-21T11:29:31","guid":{"rendered":"https:\/\/themes.muffingroup.com\/be\/spa6\/?page_id=14"},"modified":"2022-12-07T18:40:32","modified_gmt":"2022-12-07T17:40:32","slug":"mella-hr-kontakt","status":"publish","type":"page","link":"https:\/\/www.mella.hr\/en\/contact\/","title":{"rendered":"Contact"},"content":{"rendered":"<div data-elementor-type=\"wp-page\" data-elementor-id=\"14\" class=\"elementor elementor-14\">\n\t\t\t\t\t\t<section data-exad-particle-enable=\"false\" class=\"elementor-section elementor-top-section elementor-element elementor-element-1b5b105 elementor-section-stretched elementor-hidden-desktop elementor-hidden-tablet elementor-section-boxed elementor-section-height-default elementor-section-height-default exad-parallax-effect-no exad-background-color-change-no exad-glass-effect-no exad-sticky-section-no\" data-id=\"1b5b105\" data-element_type=\"section\" data-settings=\"{&quot;stretch_section&quot;:&quot;section-stretched&quot;,&quot;background_background&quot;:&quot;classic&quot;}\">\n\t\t\t\t\t\t<div class=\"elementor-container elementor-column-gap-wider\">\n\t\t\t\t\t<div class=\"elementor-column elementor-col-100 elementor-top-column elementor-element elementor-element-984c5b3 exad-glass-effect-no exad-sticky-section-no\" data-id=\"984c5b3\" data-element_type=\"column\" data-settings=\"{&quot;background_background&quot;:&quot;classic&quot;}\">\n\t\t\t<div class=\"elementor-widget-wrap elementor-element-populated\">\n\t\t\t\t\t\t<div class=\"elementor-element elementor-element-80f9180 exad-sticky-section-no exad-glass-effect-no elementor-widget elementor-widget-text-editor\" data-id=\"80f9180\" data-element_type=\"widget\" data-widget_type=\"text-editor.default\">\n\t\t\t\t<div class=\"elementor-widget-container\">\n\t\t\t\t\t\t\t\t\t<h2>Contact information<\/h2>\t\t\t\t\t\t\t\t<\/div>\n\t\t\t\t<\/div>\n\t\t\t\t<div class=\"elementor-element elementor-element-dd9d0f8 exad-sticky-section-no exad-glass-effect-no elementor-widget elementor-widget-text-editor\" data-id=\"dd9d0f8\" data-element_type=\"widget\" data-widget_type=\"text-editor.default\">\n\t\t\t\t<div class=\"elementor-widget-container\">\n\t\t\t\t\t\t\t\t\t<p><a href=\"https:\/\/goo.gl\/maps\/41qFwJ7y9ripG9NH6\">Mella Studio, obrt za usluge<\/a><\/p><p><a href=\"https:\/\/goo.gl\/maps\/41qFwJ7y9ripG9NH6\">Antuna Autustin\u010di\u0107a 2, 40000 \u010cakovec, Croatia<\/a><\/p>\t\t\t\t\t\t\t\t<\/div>\n\t\t\t\t<\/div>\n\t\t\t\t<div class=\"elementor-element elementor-element-7106749 exad-sticky-section-no exad-glass-effect-no elementor-widget elementor-widget-text-editor\" data-id=\"7106749\" data-element_type=\"widget\" data-widget_type=\"text-editor.default\">\n\t\t\t\t<div class=\"elementor-widget-container\">\n\t\t\t\t\t\t\t\t\t<h5>+385 (0)91 915 0551<br \/>mella@mella.hr<\/h5>\t\t\t\t\t\t\t\t<\/div>\n\t\t\t\t<\/div>\n\t\t\t\t<div class=\"elementor-element elementor-element-94c8be1 elementor-widget-divider--view-line exad-sticky-section-no exad-glass-effect-no elementor-widget elementor-widget-divider\" data-id=\"94c8be1\" data-element_type=\"widget\" data-widget_type=\"divider.default\">\n\t\t\t\t<div class=\"elementor-widget-container\">\n\t\t\t\t\t\t\t<div class=\"elementor-divider\">\n\t\t\t<span class=\"elementor-divider-separator\">\n\t\t\t\t\t\t<\/span>\n\t\t<\/div>\n\t\t\t\t\t\t<\/div>\n\t\t\t\t<\/div>\n\t\t\t\t<div class=\"elementor-element elementor-element-f067c79 exad-sticky-section-no exad-glass-effect-no elementor-widget elementor-widget-text-editor\" data-id=\"f067c79\" data-element_type=\"widget\" data-widget_type=\"text-editor.default\">\n\t\t\t\t<div class=\"elementor-widget-container\">\n\t\t\t\t\t\t\t\t\t<p>Monday - Friday<\/p><p>Radno vrijeme prema dogovoru<\/p>\t\t\t\t\t\t\t\t<\/div>\n\t\t\t\t<\/div>\n\t\t\t\t\t<\/div>\n\t\t<\/div>\n\t\t\t\t\t<\/div>\n\t\t<\/section>\n\t\t\t\t<section data-exad-particle-enable=\"false\" class=\"elementor-section elementor-top-section elementor-element elementor-element-c7f5441 elementor-section-stretched elementor-section-full_width elementor-hidden-desktop elementor-hidden-tablet elementor-section-height-default elementor-section-height-default exad-parallax-effect-no exad-background-color-change-no exad-glass-effect-no exad-sticky-section-no\" data-id=\"c7f5441\" data-element_type=\"section\" data-settings=\"{&quot;stretch_section&quot;:&quot;section-stretched&quot;,&quot;background_background&quot;:&quot;classic&quot;}\">\n\t\t\t\t\t\t<div class=\"elementor-container elementor-column-gap-default\">\n\t\t\t\t\t<div class=\"elementor-column elementor-col-100 elementor-top-column elementor-element elementor-element-56d44c1 exad-glass-effect-no exad-sticky-section-no\" data-id=\"56d44c1\" data-element_type=\"column\">\n\t\t\t<div class=\"elementor-widget-wrap elementor-element-populated\">\n\t\t\t\t\t\t<div class=\"elementor-element elementor-element-3701067 exad-sticky-section-no exad-glass-effect-no elementor-widget elementor-widget-image\" data-id=\"3701067\" data-element_type=\"widget\" data-widget_type=\"image.default\">\n\t\t\t\t<div class=\"elementor-widget-container\">\n\t\t\t\t\t\t\t\t\t\t\t\t\t\t\t<img fetchpriority=\"high\" decoding=\"async\" width=\"1024\" height=\"1024\" src=\"https:\/\/www.mella.hr\/wp-content\/uploads\/2021\/06\/181605381_187586363197899_5647956175943723536_n-1024x1024.jpg\" class=\"attachment-large size-large wp-image-193\" alt=\"\" srcset=\"https:\/\/www.mella.hr\/wp-content\/uploads\/2021\/06\/181605381_187586363197899_5647956175943723536_n-1024x1024.jpg 1024w, https:\/\/www.mella.hr\/wp-content\/uploads\/2021\/06\/181605381_187586363197899_5647956175943723536_n-300x300.jpg 300w, https:\/\/www.mella.hr\/wp-content\/uploads\/2021\/06\/181605381_187586363197899_5647956175943723536_n-150x150.jpg 150w, https:\/\/www.mella.hr\/wp-content\/uploads\/2021\/06\/181605381_187586363197899_5647956175943723536_n-768x768.jpg 768w, https:\/\/www.mella.hr\/wp-content\/uploads\/2021\/06\/181605381_187586363197899_5647956175943723536_n-146x146.jpg 146w, https:\/\/www.mella.hr\/wp-content\/uploads\/2021\/06\/181605381_187586363197899_5647956175943723536_n-50x50.jpg 50w, https:\/\/www.mella.hr\/wp-content\/uploads\/2021\/06\/181605381_187586363197899_5647956175943723536_n-75x75.jpg 75w, https:\/\/www.mella.hr\/wp-content\/uploads\/2021\/06\/181605381_187586363197899_5647956175943723536_n-85x85.jpg 85w, https:\/\/www.mella.hr\/wp-content\/uploads\/2021\/06\/181605381_187586363197899_5647956175943723536_n-80x80.jpg 80w, https:\/\/www.mella.hr\/wp-content\/uploads\/2021\/06\/181605381_187586363197899_5647956175943723536_n.jpg 1440w\" sizes=\"(max-width:767px) 480px, (max-width:1024px) 100vw, 1024px\" \/>\t\t\t\t\t\t\t\t\t\t\t\t\t\t\t<\/div>\n\t\t\t\t<\/div>\n\t\t\t\t\t<\/div>\n\t\t<\/div>\n\t\t\t\t\t<\/div>\n\t\t<\/section>\n\t\t\t\t<section data-exad-particle-enable=\"false\" class=\"elementor-section elementor-top-section elementor-element elementor-element-fbe4e11 elementor-section-stretched elementor-hidden-phone elementor-section-boxed elementor-section-height-default elementor-section-height-default exad-parallax-effect-no exad-background-color-change-no exad-glass-effect-no exad-sticky-section-no\" data-id=\"fbe4e11\" data-element_type=\"section\" data-settings=\"{&quot;stretch_section&quot;:&quot;section-stretched&quot;,&quot;background_background&quot;:&quot;classic&quot;}\">\n\t\t\t\t\t\t<div class=\"elementor-container elementor-column-gap-wider\">\n\t\t\t\t\t<div class=\"elementor-column elementor-col-50 elementor-top-column elementor-element elementor-element-cfd3b07 exad-glass-effect-no exad-sticky-section-no\" data-id=\"cfd3b07\" data-element_type=\"column\" data-settings=\"{&quot;background_background&quot;:&quot;classic&quot;}\">\n\t\t\t<div class=\"elementor-widget-wrap elementor-element-populated\">\n\t\t\t\t\t\t<div class=\"elementor-element elementor-element-220ce22 exad-sticky-section-no exad-glass-effect-no elementor-widget elementor-widget-text-editor\" data-id=\"220ce22\" data-element_type=\"widget\" data-widget_type=\"text-editor.default\">\n\t\t\t\t<div class=\"elementor-widget-container\">\n\t\t\t\t\t\t\t\t\t<h2>Contact information<\/h2>\t\t\t\t\t\t\t\t<\/div>\n\t\t\t\t<\/div>\n\t\t\t\t<div class=\"elementor-element elementor-element-3d75ffa exad-sticky-section-no exad-glass-effect-no elementor-widget elementor-widget-text-editor\" data-id=\"3d75ffa\" data-element_type=\"widget\" data-widget_type=\"text-editor.default\">\n\t\t\t\t<div class=\"elementor-widget-container\">\n\t\t\t\t\t\t\t\t\t<p><a href=\"https:\/\/goo.gl\/maps\/41qFwJ7y9ripG9NH6\">Mella Studio, obrt za usluge<\/a><\/p><p><a href=\"https:\/\/goo.gl\/maps\/41qFwJ7y9ripG9NH6\">Antuna Autustin\u010di\u0107a 2, 40000 \u010cakovec, Croatia<\/a><\/p>\t\t\t\t\t\t\t\t<\/div>\n\t\t\t\t<\/div>\n\t\t\t\t<div class=\"elementor-element elementor-element-1a1d500 exad-sticky-section-no exad-glass-effect-no elementor-widget elementor-widget-text-editor\" data-id=\"1a1d500\" data-element_type=\"widget\" data-widget_type=\"text-editor.default\">\n\t\t\t\t<div class=\"elementor-widget-container\">\n\t\t\t\t\t\t\t\t\t<h5>+385 (0)91 915 0551<br \/>mella@mella.hr<\/h5>\t\t\t\t\t\t\t\t<\/div>\n\t\t\t\t<\/div>\n\t\t\t\t<div class=\"elementor-element elementor-element-92a4496 elementor-widget-divider--view-line exad-sticky-section-no exad-glass-effect-no elementor-widget elementor-widget-divider\" data-id=\"92a4496\" data-element_type=\"widget\" data-widget_type=\"divider.default\">\n\t\t\t\t<div class=\"elementor-widget-container\">\n\t\t\t\t\t\t\t<div class=\"elementor-divider\">\n\t\t\t<span class=\"elementor-divider-separator\">\n\t\t\t\t\t\t<\/span>\n\t\t<\/div>\n\t\t\t\t\t\t<\/div>\n\t\t\t\t<\/div>\n\t\t\t\t<div class=\"elementor-element elementor-element-1b04652 exad-sticky-section-no exad-glass-effect-no elementor-widget elementor-widget-text-editor\" data-id=\"1b04652\" data-element_type=\"widget\" data-widget_type=\"text-editor.default\">\n\t\t\t\t<div class=\"elementor-widget-container\">\n\t\t\t\t\t\t\t\t\t<p>Monday - Friday<\/p><p>Radno vrijeme prema dogovoru<\/p>\t\t\t\t\t\t\t\t<\/div>\n\t\t\t\t<\/div>\n\t\t\t\t\t<\/div>\n\t\t<\/div>\n\t\t\t\t<div class=\"elementor-column elementor-col-50 elementor-top-column elementor-element elementor-element-727dcff exad-glass-effect-no exad-sticky-section-no\" data-id=\"727dcff\" data-element_type=\"column\" data-settings=\"{&quot;background_background&quot;:&quot;classic&quot;}\">\n\t\t\t<div class=\"elementor-widget-wrap elementor-element-populated\">\n\t\t\t\t\t\t<div class=\"elementor-element elementor-element-15a4a4f exad-sticky-section-no exad-glass-effect-no elementor-widget elementor-widget-spacer\" data-id=\"15a4a4f\" data-element_type=\"widget\" data-widget_type=\"spacer.default\">\n\t\t\t\t<div class=\"elementor-widget-container\">\n\t\t\t\t\t\t\t<div class=\"elementor-spacer\">\n\t\t\t<div class=\"elementor-spacer-inner\"><\/div>\n\t\t<\/div>\n\t\t\t\t\t\t<\/div>\n\t\t\t\t<\/div>\n\t\t\t\t\t<\/div>\n\t\t<\/div>\n\t\t\t\t\t<\/div>\n\t\t<\/section>\n\t\t\t\t<section data-exad-particle-enable=\"false\" class=\"elementor-section elementor-top-section elementor-element elementor-element-7d593fc elementor-section-stretched elementor-section-boxed elementor-section-height-default elementor-section-height-default exad-parallax-effect-no exad-background-color-change-no exad-glass-effect-no exad-sticky-section-no\" data-id=\"7d593fc\" data-element_type=\"section\" id=\"obrazac\" data-settings=\"{&quot;stretch_section&quot;:&quot;section-stretched&quot;,&quot;background_background&quot;:&quot;classic&quot;}\">\n\t\t\t\t\t\t<div class=\"elementor-container elementor-column-gap-wider\">\n\t\t\t\t\t<div class=\"elementor-column elementor-col-100 elementor-top-column elementor-element elementor-element-551f5eb exad-glass-effect-no exad-sticky-section-no\" data-id=\"551f5eb\" data-element_type=\"column\" id=\"obrazac\">\n\t\t\t<div class=\"elementor-widget-wrap elementor-element-populated\">\n\t\t\t\t\t\t<div class=\"elementor-element elementor-element-1f0f3e6 exad-sticky-section-no exad-glass-effect-no elementor-widget elementor-widget-text-editor\" data-id=\"1f0f3e6\" data-element_type=\"widget\" data-widget_type=\"text-editor.default\">\n\t\t\t\t<div class=\"elementor-widget-container\">\n\t\t\t\t\t\t\t\t\t<h2><span style=\"color: #ffffff;\">Fill out the form and expect a call as soon as possible<\/span><\/h2>\t\t\t\t\t\t\t\t<\/div>\n\t\t\t\t<\/div>\n\t\t\t\t<div class=\"elementor-element elementor-element-fc35cb1 pp-contact-form-7-button-custom exad-sticky-section-no exad-glass-effect-no elementor-widget elementor-widget-pp-contact-form-7\" data-id=\"fc35cb1\" data-element_type=\"widget\" data-widget_type=\"pp-contact-form-7.default\">\n\t\t\t\t<div class=\"elementor-widget-container\">\n\t\t\t\t\t\t\t\t\t<div class=\"pp-contact-form pp-contact-form-7 placeholder-show\">\n\t\t\t\t\t\t\t\t\t\t\n<div class=\"wpcf7 no-js\" id=\"wpcf7-f76-p14-o1\" lang=\"en-US\" dir=\"ltr\" data-wpcf7-id=\"76\">\n<div class=\"screen-reader-response\"><p role=\"status\" aria-live=\"polite\" aria-atomic=\"true\"><\/p> <ul><\/ul><\/div>\n<form action=\"\/en\/mella-hr-kontakt\/#wpcf7-f76-p14-o1\" method=\"post\" class=\"wpcf7-form init\" aria-label=\"Contact form\" novalidate=\"novalidate\" data-status=\"init\" data-trp-original-action=\"\/mella-hr-kontakt\/#wpcf7-f76-p14-o1\">\n<fieldset class=\"hidden-fields-container\"><input type=\"hidden\" name=\"_wpcf7\" value=\"76\" \/><input type=\"hidden\" name=\"_wpcf7_version\" value=\"6.1.4\" \/><input type=\"hidden\" name=\"_wpcf7_locale\" value=\"en_US\" \/><input type=\"hidden\" name=\"_wpcf7_unit_tag\" value=\"wpcf7-f76-p14-o1\" \/><input type=\"hidden\" name=\"_wpcf7_container_post\" value=\"14\" \/><input type=\"hidden\" name=\"_wpcf7_posted_data_hash\" value=\"\" \/><input type=\"hidden\" name=\"_wpcf7_recaptcha_response\" value=\"\" \/>\n<\/fieldset>\n<div class=\"column one-second\">\n\t<p><span class=\"wpcf7-form-control-wrap\" data-name=\"your-name\"><input size=\"40\" maxlength=\"400\" class=\"wpcf7-form-control wpcf7-text wpcf7-validates-as-required\" aria-required=\"true\" aria-invalid=\"false\" placeholder=\"Your name and surname\" value=\"\" type=\"text\" name=\"your-name\" \/><\/span>\n\t<\/p>\n<\/div>\n<div class=\"column one-second\">\n\t<p><span class=\"wpcf7-form-control-wrap\" data-name=\"your-email\"><input size=\"40\" maxlength=\"400\" class=\"wpcf7-form-control wpcf7-email wpcf7-validates-as-required wpcf7-text wpcf7-validates-as-email\" aria-required=\"true\" aria-invalid=\"false\" placeholder=\"Your email address\" value=\"\" type=\"email\" name=\"your-email\" \/><\/span>\n\t<\/p>\n<\/div>\n<div class=\"column one-second\">\n\t<p><span class=\"wpcf7-form-control-wrap\" data-name=\"your-telefon\"><input size=\"40\" maxlength=\"400\" class=\"wpcf7-form-control wpcf7-text\" aria-invalid=\"false\" placeholder=\"Phone\" value=\"\" type=\"text\" name=\"your-telefon\" \/><\/span>\n\t<\/p>\n<\/div>\n<div class=\"column one-second\">\n\t<p><span class=\"wpcf7-form-control-wrap\" data-name=\"your-vrijeme\"><input size=\"40\" maxlength=\"400\" class=\"wpcf7-form-control wpcf7-text\" aria-invalid=\"false\" placeholder=\"Vrijeme kada \u017eelite da Vas kontaktiram\" value=\"\" type=\"text\" name=\"your-vrijeme\" \/><\/span>\n\t<\/p>\n<\/div>\n<div style=\"color:#fff;\" class=\"column one\">\n\t<p>Kako \u017eelite da Vas kontaktiram? <span class=\"wpcf7-form-control-wrap\" data-name=\"checkbox-467\"><span class=\"wpcf7-form-control wpcf7-checkbox wpcf7-validates-as-required\"><span class=\"wpcf7-list-item first\"><label><input type=\"checkbox\" name=\"checkbox-467[]\" value=\"Pozivom\" \/><span class=\"wpcf7-list-item-label\">By invitation<\/span><\/label><\/span><span class=\"wpcf7-list-item\"><label><input type=\"checkbox\" name=\"checkbox-467[]\" value=\"Email\" \/><span class=\"wpcf7-list-item-label\">E-mail<\/span><\/label><\/span><span class=\"wpcf7-list-item\"><label><input type=\"checkbox\" name=\"checkbox-467[]\" value=\"SMS\" \/><span class=\"wpcf7-list-item-label\">SMS<\/span><\/label><\/span><span class=\"wpcf7-list-item\"><label><input type=\"checkbox\" name=\"checkbox-467[]\" value=\"Viber\" \/><span class=\"wpcf7-list-item-label\">Viber<\/span><\/label><\/span><span class=\"wpcf7-list-item last\"><label><input type=\"checkbox\" name=\"checkbox-467[]\" value=\"WhatsApp\" \/><span class=\"wpcf7-list-item-label\">WhatsApp<\/span><\/label><\/span><\/span><\/span>\n\t<\/p>\n<\/div>\n<div class=\"column one\">\n\t<p><span class=\"wpcf7-form-control-wrap\" data-name=\"your-message\"><textarea cols=\"40\" rows=\"6\" maxlength=\"2000\" class=\"wpcf7-form-control wpcf7-textarea\" aria-invalid=\"false\" placeholder=\"Your message\" name=\"your-message\"><\/textarea><\/span>\n\t<\/p>\n<\/div>\n<div style=\"color:#fff;\" class=\"column one\">\n\t<p><span class=\"wpcf7-form-control-wrap\" data-name=\"acceptance-487\"><span class=\"wpcf7-form-control wpcf7-acceptance optional\"><span class=\"wpcf7-list-item\"><label><input type=\"checkbox\" name=\"acceptance-487\" value=\"1\" aria-invalid=\"false\" \/><span class=\"wpcf7-list-item-label\">Upotrebom ovog obrasca prihva\u0107ate pohranu i rukovanje Va\u0161im podacima na ovoj web stranici.<\/span><\/label><\/span><\/span><\/span>\n\t<\/p>\n<\/div>\n<div class=\"column one\">\n\t<p><input class=\"wpcf7-form-control wpcf7-submit has-spinner button_full_width\" type=\"submit\" value=\"Send a message\" \/>\n\t<\/p>\n<\/div><div class=\"wpcf7-response-output\" aria-hidden=\"true\"><\/div>\n<input type=\"hidden\" name=\"trp-form-language\" value=\"en\"\/><\/form>\n<\/div>\n\t\t\t\t<\/div>\n\t\t\t\t\t\t\t\t<\/div>\n\t\t\t\t<\/div>\n\t\t\t\t\t<\/div>\n\t\t<\/div>\n\t\t\t\t\t<\/div>\n\t\t<\/section>\n\t\t\t\t<\/div>","protected":false},"excerpt":{"rendered":"<p>Kontakt informacije Mella Studio, obrt za usluge Antuna Autustin\u010di\u0107a 2, 40000 \u010cakovec, Hrvatska +385 (0)91 915 0551mella@mella.hr Ponedjeljak &#8211; Petak Radno vrijeme prema dogovoru Kontakt informacije<span class=\"excerpt-hellip\"> [\u2026]<\/span><\/p>","protected":false},"author":1,"featured_media":0,"parent":0,"menu_order":0,"comment_status":"closed","ping_status":"closed","template":"","meta":{"footnotes":""},"class_list":["post-14","page","type-page","status-publish","hentry"],"yoast_head":"<!-- This site is optimized with the Yoast SEO plugin v26.8 - https:\/\/yoast.com\/product\/yoast-seo-wordpress\/ -->\n<title>Mella.hr Kontakt<\/title>\n<meta name=\"description\" content=\"Mella.hr Kontakt - Kontaktirajte me za sva pitanja preko kontakt obrasca ili nazovite. Joga, zvukoterapija, zvuko masa\u017ea.\" \/>\n<meta name=\"robots\" content=\"index, follow, max-snippet:-1, max-image-preview:large, max-video-preview:-1\" \/>\n<link rel=\"canonical\" href=\"https:\/\/www.mella.hr\/en\/mella-hr-kontakt\/\" \/>\n<meta property=\"og:locale\" content=\"en_US\" \/>\n<meta property=\"og:type\" content=\"article\" \/>\n<meta property=\"og:title\" content=\"Mella.hr Kontakt\" \/>\n<meta property=\"og:description\" content=\"Mella.hr Kontakt - Kontaktirajte me za sva pitanja preko kontakt obrasca ili nazovite. Joga, zvukoterapija, zvuko masa\u017ea.\" \/>\n<meta property=\"og:url\" content=\"https:\/\/www.mella.hr\/en\/mella-hr-kontakt\/\" \/>\n<meta property=\"og:site_name\" content=\"Mella.hr\" \/>\n<meta property=\"article:publisher\" content=\"https:\/\/www.facebook.com\/Mellayogaandsoundtherapystudio\/\" \/>\n<meta property=\"article:modified_time\" content=\"2022-12-07T17:40:32+00:00\" \/>\n<meta property=\"og:image\" content=\"https:\/\/www.mella.hr\/wp-content\/uploads\/2021\/06\/181605381_187586363197899_5647956175943723536_n-1024x1024.jpg\" \/>\n<meta name=\"twitter:card\" content=\"summary_large_image\" \/>\n<meta name=\"twitter:label1\" content=\"Est. reading time\" \/>\n\t<meta name=\"twitter:data1\" content=\"1 minute\" \/>\n<script type=\"application\/ld+json\" class=\"yoast-schema-graph\">{\"@context\":\"https:\/\/schema.org\",\"@graph\":[{\"@type\":\"WebPage\",\"@id\":\"https:\/\/www.mella.hr\/mella-hr-kontakt\/\",\"url\":\"https:\/\/www.mella.hr\/mella-hr-kontakt\/\",\"name\":\"Mella.hr Kontakt\",\"isPartOf\":{\"@id\":\"https:\/\/www.mella.hr\/#website\"},\"primaryImageOfPage\":{\"@id\":\"https:\/\/www.mella.hr\/mella-hr-kontakt\/#primaryimage\"},\"image\":{\"@id\":\"https:\/\/www.mella.hr\/mella-hr-kontakt\/#primaryimage\"},\"thumbnailUrl\":\"https:\/\/www.mella.hr\/wp-content\/uploads\/2021\/06\/181605381_187586363197899_5647956175943723536_n-1024x1024.jpg\",\"datePublished\":\"2020-10-21T11:29:31+00:00\",\"dateModified\":\"2022-12-07T17:40:32+00:00\",\"description\":\"Mella.hr Kontakt - Kontaktirajte me za sva pitanja preko kontakt obrasca ili nazovite. Joga, zvukoterapija, zvuko masa\u017ea.\",\"breadcrumb\":{\"@id\":\"https:\/\/www.mella.hr\/mella-hr-kontakt\/#breadcrumb\"},\"inLanguage\":\"en-US\",\"potentialAction\":[{\"@type\":\"ReadAction\",\"target\":[\"https:\/\/www.mella.hr\/mella-hr-kontakt\/\"]}]},{\"@type\":\"ImageObject\",\"inLanguage\":\"en-US\",\"@id\":\"https:\/\/www.mella.hr\/mella-hr-kontakt\/#primaryimage\",\"url\":\"https:\/\/www.mella.hr\/wp-content\/uploads\/2021\/06\/181605381_187586363197899_5647956175943723536_n-1024x1024.jpg\",\"contentUrl\":\"https:\/\/www.mella.hr\/wp-content\/uploads\/2021\/06\/181605381_187586363197899_5647956175943723536_n-1024x1024.jpg\"},{\"@type\":\"BreadcrumbList\",\"@id\":\"https:\/\/www.mella.hr\/mella-hr-kontakt\/#breadcrumb\",\"itemListElement\":[{\"@type\":\"ListItem\",\"position\":1,\"name\":\"Po\u010detna stranica\",\"item\":\"https:\/\/www.mella.hr\/\"},{\"@type\":\"ListItem\",\"position\":2,\"name\":\"Kontakt\"}]},{\"@type\":\"WebSite\",\"@id\":\"https:\/\/www.mella.hr\/#website\",\"url\":\"https:\/\/www.mella.hr\/\",\"name\":\"Mella.hr\",\"description\":\"Yoga &amp; Sound Therapy Studio\",\"publisher\":{\"@id\":\"https:\/\/www.mella.hr\/#organization\"},\"potentialAction\":[{\"@type\":\"SearchAction\",\"target\":{\"@type\":\"EntryPoint\",\"urlTemplate\":\"https:\/\/www.mella.hr\/?s={search_term_string}\"},\"query-input\":{\"@type\":\"PropertyValueSpecification\",\"valueRequired\":true,\"valueName\":\"search_term_string\"}}],\"inLanguage\":\"en-US\"},{\"@type\":\"Organization\",\"@id\":\"https:\/\/www.mella.hr\/#organization\",\"name\":\"Mella.hr\",\"url\":\"https:\/\/www.mella.hr\/\",\"logo\":{\"@type\":\"ImageObject\",\"inLanguage\":\"en-US\",\"@id\":\"https:\/\/www.mella.hr\/#\/schema\/logo\/image\/\",\"url\":\"https:\/\/www.mella.hr\/wp-content\/uploads\/2021\/06\/logo-2.png\",\"contentUrl\":\"https:\/\/www.mella.hr\/wp-content\/uploads\/2021\/06\/logo-2.png\",\"width\":200,\"height\":200,\"caption\":\"Mella.hr\"},\"image\":{\"@id\":\"https:\/\/www.mella.hr\/#\/schema\/logo\/image\/\"},\"sameAs\":[\"https:\/\/www.facebook.com\/Mellayogaandsoundtherapystudio\/\",\"https:\/\/www.instagram.com\/mella.yogaandsoundtherapy\/\"]}]}<\/script>\n<!-- \/ Yoast SEO plugin. -->","yoast_head_json":{"title":"Contact - Mella.hr","description":"Mella.hr Kontakt - Kontaktirajte me za sva pitanja preko kontakt obrasca ili nazovite. Joga, zvukoterapija, zvuko masa\u017ea.","robots":{"index":"index","follow":"follow","max-snippet":"max-snippet:-1","max-image-preview":"max-image-preview:large","max-video-preview":"max-video-preview:-1"},"canonical":"https:\/\/www.mella.hr\/en\/mella-hr-kontakt\/","og_locale":"en_US","og_type":"article","og_title":"Mella.hr Kontakt","og_description":"Mella.hr Kontakt - Kontaktirajte me za sva pitanja preko kontakt obrasca ili nazovite. Joga, zvukoterapija, zvuko masa\u017ea.","og_url":"https:\/\/www.mella.hr\/en\/mella-hr-kontakt\/","og_site_name":"Mella.hr","article_publisher":"https:\/\/www.facebook.com\/Mellayogaandsoundtherapystudio\/","article_modified_time":"2022-12-07T17:40:32+00:00","og_image":[{"url":"https:\/\/www.mella.hr\/wp-content\/uploads\/2021\/06\/181605381_187586363197899_5647956175943723536_n-1024x1024.jpg","type":"","width":"","height":""}],"twitter_card":"summary_large_image","twitter_misc":{"Est. reading time":"1 minute"},"schema":{"@context":"https:\/\/schema.org","@graph":[{"@type":"WebPage","@id":"https:\/\/www.mella.hr\/mella-hr-kontakt\/","url":"https:\/\/www.mella.hr\/mella-hr-kontakt\/","name":"Contact - Mella.hr","isPartOf":{"@id":"https:\/\/www.mella.hr\/#website"},"primaryImageOfPage":{"@id":"https:\/\/www.mella.hr\/mella-hr-kontakt\/#primaryimage"},"image":{"@id":"https:\/\/www.mella.hr\/mella-hr-kontakt\/#primaryimage"},"thumbnailUrl":"https:\/\/www.mella.hr\/wp-content\/uploads\/2021\/06\/181605381_187586363197899_5647956175943723536_n-1024x1024.jpg","datePublished":"2020-10-21T11:29:31+00:00","dateModified":"2022-12-07T17:40:32+00:00","description":"Mella.hr Kontakt - Kontaktirajte me za sva pitanja preko kontakt obrasca ili nazovite. Joga, zvukoterapija, zvuko masa\u017ea.","breadcrumb":{"@id":"https:\/\/www.mella.hr\/mella-hr-kontakt\/#breadcrumb"},"inLanguage":"en-US","potentialAction":[{"@type":"ReadAction","target":["https:\/\/www.mella.hr\/mella-hr-kontakt\/"]}]},{"@type":"ImageObject","inLanguage":"en-US","@id":"https:\/\/www.mella.hr\/mella-hr-kontakt\/#primaryimage","url":"https:\/\/www.mella.hr\/wp-content\/uploads\/2021\/06\/181605381_187586363197899_5647956175943723536_n-1024x1024.jpg","contentUrl":"https:\/\/www.mella.hr\/wp-content\/uploads\/2021\/06\/181605381_187586363197899_5647956175943723536_n-1024x1024.jpg"},{"@type":"BreadcrumbList","@id":"https:\/\/www.mella.hr\/mella-hr-kontakt\/#breadcrumb","itemListElement":[{"@type":"ListItem","position":1,"name":"Po\u010detna stranica","item":"https:\/\/www.mella.hr\/"},{"@type":"ListItem","position":2,"name":"Kontakt"}]},{"@type":"WebSite","@id":"https:\/\/www.mella.hr\/#website","url":"https:\/\/www.mella.hr\/","name":"Mella.hr","description":"Yoga &amp; Sound Therapy Studio","publisher":{"@id":"https:\/\/www.mella.hr\/#organization"},"potentialAction":[{"@type":"SearchAction","target":{"@type":"EntryPoint","urlTemplate":"https:\/\/www.mella.hr\/?s={search_term_string}"},"query-input":{"@type":"PropertyValueSpecification","valueRequired":true,"valueName":"search_term_string"}}],"inLanguage":"en-US"},{"@type":"Organization","@id":"https:\/\/www.mella.hr\/#organization","name":"Mella.hr","url":"https:\/\/www.mella.hr\/","logo":{"@type":"ImageObject","inLanguage":"en-US","@id":"https:\/\/www.mella.hr\/#\/schema\/logo\/image\/","url":"https:\/\/www.mella.hr\/wp-content\/uploads\/2021\/06\/logo-2.png","contentUrl":"https:\/\/www.mella.hr\/wp-content\/uploads\/2021\/06\/logo-2.png","width":200,"height":200,"caption":"Mella.hr"},"image":{"@id":"https:\/\/www.mella.hr\/#\/schema\/logo\/image\/"},"sameAs":["https:\/\/www.facebook.com\/Mellayogaandsoundtherapystudio\/","https:\/\/www.instagram.com\/mella.yogaandsoundtherapy\/"]}]}},"_links":{"self":[{"href":"https:\/\/www.mella.hr\/en\/wp-json\/wp\/v2\/pages\/14","targetHints":{"allow":["GET"]}}],"collection":[{"href":"https:\/\/www.mella.hr\/en\/wp-json\/wp\/v2\/pages"}],"about":[{"href":"https:\/\/www.mella.hr\/en\/wp-json\/wp\/v2\/types\/page"}],"author":[{"embeddable":true,"href":"https:\/\/www.mella.hr\/en\/wp-json\/wp\/v2\/users\/1"}],"replies":[{"embeddable":true,"href":"https:\/\/www.mella.hr\/en\/wp-json\/wp\/v2\/comments?post=14"}],"version-history":[{"count":28,"href":"https:\/\/www.mella.hr\/en\/wp-json\/wp\/v2\/pages\/14\/revisions"}],"predecessor-version":[{"id":2128,"href":"https:\/\/www.mella.hr\/en\/wp-json\/wp\/v2\/pages\/14\/revisions\/2128"}],"wp:attachment":[{"href":"https:\/\/www.mella.hr\/en\/wp-json\/wp\/v2\/media?parent=14"}],"curies":[{"name":"wp","href":"https:\/\/api.w.org\/{rel}","templated":true}]}}